{"id":493,"date":"2025-12-04T18:40:55","date_gmt":"2025-12-04T18:40:55","guid":{"rendered":"http:\/\/www.gmvidal.com\/home\/"},"modified":"2026-01-14T16:45:29","modified_gmt":"2026-01-14T16:45:29","slug":"home","status":"publish","type":"page","link":"https:\/\/www.gmvidal.com\/es\/","title":{"rendered":"Inicio"},"content":{"rendered":"<div class=\"wp-block-uagb-container uagb-block-de13c167 alignfull uagb-is-root-container\"><div class=\"uagb-container-inner-blocks-wrap\">\n<div class=\"wp-block-uagb-info-box uagb-block-60b997e4 uagb-infobox__content-wrap  uagb-infobox-icon-above-title uagb-infobox-image-valign-top\"><div class=\"uagb-ifb-content\"><div class=\"uagb-ifb-title-wrap\"><h3 class=\"uagb-ifb-title-prefix\">Maquinaria de ocasi\u00f3n<\/h3><h1 class=\"uagb-ifb-title\">GM Vidal<\/h1><\/div><p class=\"uagb-ifb-desc translation-block\">Descubre nuestro cat\u00e1logo de <strong>gr\u00faas, camiones, excavadoras y maquinaria ligera<\/strong> lista para trabajar. Todos los productos est\u00e1n revisados \u200b\u200by seleccionados para ofrecerte <strong>fiabilidad, rendimiento y un precio competitivo<\/strong>.<br>Consulta las caracter\u00edsticas, compara modelos y contacta con nosotros para obtener <strong>una oferta personalizada<\/strong>.<br><strong>Profesionalidad, transparencia y maquinaria preparada para tu proyecto.<\/strong><\/p><\/div><\/div>\n\n\n\n<div class=\"wp-block-uagb-buttons uagb-buttons__outer-wrap uagb-btn__default-btn uagb-btn-tablet__default-btn uagb-btn-mobile__default-btn uagb-block-259ae339\"><div class=\"uagb-buttons__wrap uagb-buttons-layout-wrap\">\n<div class=\"wp-block-uagb-buttons-child uagb-buttons__outer-wrap uagb-block-0a0444f4 wp-block-button\"><div class=\"uagb-button__wrapper\"><a class=\"uagb-buttons-repeater wp-block-button__link\" aria-label=\"\" href=\"http:\/\/www.gmvidal.com\/es\/services\/\" rel=\"follow noopener\" target=\"_self\" role=\"button\"><div class=\"uagb-button__link\">Nuestros productos <\/div><\/a><\/div><\/div>\n\n\n\n<div class=\"wp-block-uagb-buttons-child uagb-buttons__outer-wrap uagb-block-2d1c8330 wp-block-button\"><div class=\"uagb-button__wrapper\"><a class=\"uagb-buttons-repeater wp-block-button__link\" aria-label=\"\" href=\"http:\/\/www.gmvidal.com\/es\/contact\/\" rel=\"follow noopener\" target=\"_self\" role=\"button\"><div class=\"uagb-button__link\">Cont\u00e1ctanos<\/div><\/a><\/div><\/div>\n<\/div><\/div>\n<\/div><\/div>\n\n\n\n<div class=\"wp-block-uagb-container uag-blocks-common-selector uagb-block-b582cb62 alignfull uagb-is-root-container\"><div class=\"uagb-container-inner-blocks-wrap\">\n<div class=\"wp-block-uagb-container uagb-block-ab0fc0c8\">\n<div class=\"wp-block-uagb-info-box uagb-block-ea91e5d1 uagb-infobox__content-wrap  uagb-infobox-icon-above-title uagb-infobox-image-valign-top\"><div class=\"uagb-ifb-content\"><div class=\"uagb-ifb-title-wrap\"><h4 class=\"uagb-ifb-title-prefix\">QUIENES SOMOS<\/h4><h2 class=\"uagb-ifb-title\">Expertos en Maquinaria de Construcci\u00f3n<\/h2><\/div><p class=\"uagb-ifb-desc translation-block\">Somos una empresa especializada en la <strong>venta de maquinaria de construcci\u00f3n de ocasi\u00f3n<\/strong>, veh\u00edculos industriales y equipamiento profesional. Trabajamos con productos seleccionados, revisados \u200b\u200by en perfecto estado de funcionamiento para garantizarte <strong>calidad y confianza<\/strong> en cada compra.<br>Nuestra prioridad es ofrecerte un <strong>trato cercano<\/strong>, asesoramiento personal y soluciones adaptadas a las necesidades reales de cada obra. Tanto si buscas una gr\u00faa, un cami\u00f3n, una retroexcavadora o maquinaria ligera, te ayudamos a encontrar la opci\u00f3n que mejor se ajuste a tu presupuesto y proyecto.<br><strong>Experiencia, compromiso y servicio personalizado:<\/strong> as\u00ed es como trabajamos.<\/p><\/div><\/div>\n<\/div>\n\n\n\n<div class=\"wp-block-uagb-container uagb-layout-flex uagb-block-35e4709c\"><\/div>\n<\/div><\/div>\n\n\n\n<div class=\"wp-block-uagb-container uag-blocks-common-selector uagb-block-65b6ce60 alignfull uagb-is-root-container\"><div class=\"uagb-container-inner-blocks-wrap\">\n<div class=\"wp-block-uagb-container uagb-block-58b26743\">\n<div class=\"wp-block-uagb-info-box uagb-block-4c92b8e9 uagb-infobox__content-wrap  uagb-infobox-icon-above-title uagb-infobox-image-valign-top\"><div class=\"uagb-ifb-content\"><div class=\"uagb-ifb-title-wrap\"><h4 class=\"uagb-ifb-title-prefix\">Escoge tu producto<\/h4><h2 class=\"uagb-ifb-title\">Productos<\/h2><\/div><\/div><\/div>\n\n\n\n<div class=\"wp-block-uagb-buttons uagb-buttons__outer-wrap uagb-btn__default-btn uagb-btn-tablet__default-btn uagb-btn-mobile__default-btn uagb-block-64e46a13\"><div class=\"uagb-buttons__wrap uagb-buttons-layout-wrap\">\n<div class=\"wp-block-uagb-buttons-child uagb-buttons__outer-wrap uagb-block-b2b3ea0f wp-block-button\"><div class=\"uagb-button__wrapper\"><a class=\"uagb-buttons-repeater wp-block-button__link\" aria-label=\"\" href=\"\/es\/category\/productes\/\" rel=\"follow noopener\" target=\"_self\" role=\"button\"><div class=\"uagb-button__link\"><strong>Ver m\u00e1s<\/strong><\/div><\/a><\/div><\/div>\n<\/div><\/div>\n<\/div>\n\n\n\n\t\t\t<div class=\"wp-block-uagb-post-grid uagb-post-grid  uagb-post__image-position-top uagb-post__image-enabled uagb-block-c87e699a     uagb-post__items uagb-post__columns-3 is-grid uagb-post__columns-tablet-2 uagb-post__columns-mobile-1 uagb-post__equal-height\" data-total=\"1\" style=\"\">\n\n\t\t\t\t\t\t\t\t\t\t\t\t<article class=\"uagb-post__inner-wrap\">\t\t\t\t\t\t\t\t<div class='uagb-post__image'>\n\t\t\t\t\t\t\t\t\t<a href=\"https:\/\/www.gmvidal.com\/es\/excavadora-trituradora-hidraulica\/\" target=\"_self\" rel=\"bookmark noopener noreferrer\" class='uagb-image-ratio-inherit'><img loading=\"lazy\" decoding=\"async\" width=\"370\" height=\"248\" src=\"https:\/\/www.gmvidal.com\/wp-content\/uploads\/2025\/12\/Maquina6.webp\" class=\"attachment-large size-large\" alt=\"\" srcset=\"https:\/\/www.gmvidal.com\/wp-content\/uploads\/2025\/12\/Maquina6.webp 370w, https:\/\/www.gmvidal.com\/wp-content\/uploads\/2025\/12\/Maquina6-300x201.webp 300w\" sizes=\"auto, (max-width: 370px) 100vw, 370px\" \/>\t\t\t\t\t<\/a>\n\t\t\t\t\t\t\t<\/div>\n\t\t\t\t\t\t<h4 class=\"uagb-post__title uagb-post__text\">\n\t\t\t\t<a href=\"https:\/\/www.gmvidal.com\/es\/excavadora-trituradora-hidraulica\/\" target=\"_self\" rel=\"bookmark noopener noreferrer\">Excavadora + trituradora hidr\u00e1ulica<\/a>\n\t\t\t<\/h4>\n\t\t\t\t\t\t<div class='uagb-post__text uagb-post-grid-byline'>\n\t\t\t\t\t\t\t<\/div>\n\t\t\t\t\t\t\t<div class='uagb-post__text uagb-post__excerpt'>\n\t\t\t\t\t<p>ideal per a treballs de neteja forestal, manteniment de camins, talussos, cunetes i zones industrials&#8230;\t\t\t\t<\/div>\n\t\t\t\t\t\t<div class=\"uagb-post__text uagb-post__cta wp-block-button\">\n\t\t\t\t<a class=\"wp-block-button__link uagb-text-link\" style=\"\" href=\"https:\/\/www.gmvidal.com\/es\/excavadora-trituradora-hidraulica\/\" target=\"_self\" rel=\"bookmark noopener noreferrer\">Llegir m\u00e9s<\/a>\n\t\t\t<\/div>\n\t\t\t\n\t\t\t\t\t\t\t\t\t<\/article>\n\t\t\t\t\t\t\t\t\t\t\t\t\t\t\t\t<article class=\"uagb-post__inner-wrap\">\t\t\t\t\t\t\t\t<div class='uagb-post__image'>\n\t\t\t\t\t\t\t\t\t<a href=\"https:\/\/www.gmvidal.com\/es\/plataforma-elevadora-tipus-tisora\/\" target=\"_self\" rel=\"bookmark noopener noreferrer\" class='uagb-image-ratio-inherit'><img loading=\"lazy\" decoding=\"async\" width=\"370\" height=\"248\" src=\"https:\/\/www.gmvidal.com\/wp-content\/uploads\/2025\/12\/Elevador.webp\" class=\"attachment-large size-large\" alt=\"\" srcset=\"https:\/\/www.gmvidal.com\/wp-content\/uploads\/2025\/12\/Elevador.webp 370w, https:\/\/www.gmvidal.com\/wp-content\/uploads\/2025\/12\/Elevador-300x201.webp 300w\" sizes=\"auto, (max-width: 370px) 100vw, 370px\" \/>\t\t\t\t\t<\/a>\n\t\t\t\t\t\t\t<\/div>\n\t\t\t\t\t\t<h4 class=\"uagb-post__title uagb-post__text\">\n\t\t\t\t<a href=\"https:\/\/www.gmvidal.com\/es\/plataforma-elevadora-tipus-tisora\/\" target=\"_self\" rel=\"bookmark noopener noreferrer\">Plataforma elevadora tipo tijera<\/a>\n\t\t\t<\/h4>\n\t\t\t\t\t\t<div class='uagb-post__text uagb-post-grid-byline'>\n\t\t\t\t\t\t\t<\/div>\n\t\t\t\t\t\t\t<div class='uagb-post__text uagb-post__excerpt'>\n\t\t\t\t\t<p>ideal per a treballs en al\u00e7ada en entorns industrials, agr\u00edcoles o d\u2019obra. M\u00e0quina robusta, vers\u00e0til&#8230;\t\t\t\t<\/div>\n\t\t\t\t\t\t<div class=\"uagb-post__text uagb-post__cta wp-block-button\">\n\t\t\t\t<a class=\"wp-block-button__link uagb-text-link\" style=\"\" href=\"https:\/\/www.gmvidal.com\/es\/plataforma-elevadora-tipus-tisora\/\" target=\"_self\" rel=\"bookmark noopener noreferrer\">Llegir m\u00e9s<\/a>\n\t\t\t<\/div>\n\t\t\t\n\t\t\t\t\t\t\t\t\t<\/article>\n\t\t\t\t\t\t\t\t\t\t\t\t\t\t\t\t<article class=\"uagb-post__inner-wrap\">\t\t\t\t\t\t\t\t<div class='uagb-post__image'>\n\t\t\t\t\t\t\t\t\t<a href=\"https:\/\/www.gmvidal.com\/es\/excavadora-miniexcavadora-pala-carregadora\/\" target=\"_self\" rel=\"bookmark noopener noreferrer\" class='uagb-image-ratio-inherit'><img loading=\"lazy\" decoding=\"async\" width=\"370\" height=\"248\" src=\"https:\/\/www.gmvidal.com\/wp-content\/uploads\/2025\/12\/PackTerra.webp\" class=\"attachment-large size-large\" alt=\"\" srcset=\"https:\/\/www.gmvidal.com\/wp-content\/uploads\/2025\/12\/PackTerra.webp 370w, https:\/\/www.gmvidal.com\/wp-content\/uploads\/2025\/12\/PackTerra-300x201.webp 300w\" sizes=\"auto, (max-width: 370px) 100vw, 370px\" \/>\t\t\t\t\t<\/a>\n\t\t\t\t\t\t\t<\/div>\n\t\t\t\t\t\t<h4 class=\"uagb-post__title uagb-post__text\">\n\t\t\t\t<a href=\"https:\/\/www.gmvidal.com\/es\/excavadora-miniexcavadora-pala-carregadora\/\" target=\"_self\" rel=\"bookmark noopener noreferrer\">Excavadora, Miniexcavadora, Pala cargadora<\/a>\n\t\t\t<\/h4>\n\t\t\t\t\t\t<div class='uagb-post__text uagb-post-grid-byline'>\n\t\t\t\t\t\t\t<\/div>\n\t\t\t\t\t\t\t<div class='uagb-post__text uagb-post__excerpt'>\n\t\t\t\t\t<p>ideal per a obres, moviment de terres, enderrocs i treballs de construcci\u00f3. Equip en bon&#8230;\t\t\t\t<\/div>\n\t\t\t\t\t\t<div class=\"uagb-post__text uagb-post__cta wp-block-button\">\n\t\t\t\t<a class=\"wp-block-button__link uagb-text-link\" style=\"\" href=\"https:\/\/www.gmvidal.com\/es\/excavadora-miniexcavadora-pala-carregadora\/\" target=\"_self\" rel=\"bookmark noopener noreferrer\">Llegir m\u00e9s<\/a>\n\t\t\t<\/div>\n\t\t\t\n\t\t\t\t\t\t\t\t\t<\/article>\n\t\t\t\t\t\t\t\t\t\t\t\t\t\t\t\t<article class=\"uagb-post__inner-wrap\">\t\t\t\t\t\t\t\t<div class='uagb-post__image'>\n\t\t\t\t\t\t\t\t\t<a href=\"https:\/\/www.gmvidal.com\/es\/camio-amb-grua-fassi\/\" target=\"_self\" rel=\"bookmark noopener noreferrer\" class='uagb-image-ratio-inherit'><img loading=\"lazy\" decoding=\"async\" width=\"370\" height=\"278\" src=\"https:\/\/www.gmvidal.com\/wp-content\/uploads\/2025\/12\/camio_grua.webp\" class=\"attachment-large size-large\" alt=\"\" srcset=\"https:\/\/www.gmvidal.com\/wp-content\/uploads\/2025\/12\/camio_grua.webp 370w, https:\/\/www.gmvidal.com\/wp-content\/uploads\/2025\/12\/camio_grua-300x225.webp 300w\" sizes=\"auto, (max-width: 370px) 100vw, 370px\" \/>\t\t\t\t\t<\/a>\n\t\t\t\t\t\t\t<\/div>\n\t\t\t\t\t\t<h4 class=\"uagb-post__title uagb-post__text\">\n\t\t\t\t<a href=\"https:\/\/www.gmvidal.com\/es\/camio-amb-grua-fassi\/\" target=\"_self\" rel=\"bookmark noopener noreferrer\">Cami\u00f3n con gr\u00faa FASSI<\/a>\n\t\t\t<\/h4>\n\t\t\t\t\t\t<div class='uagb-post__text uagb-post-grid-byline'>\n\t\t\t\t\t\t\t<\/div>\n\t\t\t\t\t\t\t<div class='uagb-post__text uagb-post__excerpt'>\n\t\t\t\t\t<p>ideal para empresas de construcci\u00f3n, transporte de materiales, servicios agr\u00edcolas y trabajos industriales.<\/p>\n\t\t\t\t<\/div>\n\t\t\t\t\t\t<div class=\"uagb-post__text uagb-post__cta wp-block-button\">\n\t\t\t\t<a class=\"wp-block-button__link uagb-text-link\" style=\"\" href=\"https:\/\/www.gmvidal.com\/es\/camio-amb-grua-fassi\/\" target=\"_self\" rel=\"bookmark noopener noreferrer\">Llegir m\u00e9s<\/a>\n\t\t\t<\/div>\n\t\t\t\n\t\t\t\t\t\t\t\t\t<\/article>\n\t\t\t\t\t\t\t\t\t\t\t\t\t\t\t\t<article class=\"uagb-post__inner-wrap\">\t\t\t\t\t\t\t\t<div class='uagb-post__image'>\n\t\t\t\t\t\t\t\t\t<a href=\"https:\/\/www.gmvidal.com\/es\/camera-dinspeccio-de-canonades-amb-monitor\/\" target=\"_self\" rel=\"bookmark noopener noreferrer\" class='uagb-image-ratio-inherit'><img loading=\"lazy\" decoding=\"async\" width=\"1000\" height=\"750\" src=\"https:\/\/www.gmvidal.com\/wp-content\/uploads\/2025\/12\/camara_tuberies.webp\" class=\"attachment-large size-large\" alt=\"\" srcset=\"https:\/\/www.gmvidal.com\/wp-content\/uploads\/2025\/12\/camara_tuberies.webp 1000w, https:\/\/www.gmvidal.com\/wp-content\/uploads\/2025\/12\/camara_tuberies-300x225.webp 300w, https:\/\/www.gmvidal.com\/wp-content\/uploads\/2025\/12\/camara_tuberies-768x576.webp 768w\" sizes=\"auto, (max-width: 1000px) 100vw, 1000px\" \/>\t\t\t\t\t<\/a>\n\t\t\t\t\t\t\t<\/div>\n\t\t\t\t\t\t<h4 class=\"uagb-post__title uagb-post__text\">\n\t\t\t\t<a href=\"https:\/\/www.gmvidal.com\/es\/camera-dinspeccio-de-canonades-amb-monitor\/\" target=\"_self\" rel=\"bookmark noopener noreferrer\">C\u00e1mara de inspecci\u00f3n de tuber\u00edas con monitor<\/a>\n\t\t\t<\/h4>\n\t\t\t\t\t\t<div class='uagb-post__text uagb-post-grid-byline'>\n\t\t\t\t\t\t\t<\/div>\n\t\t\t\t\t\t\t<div class='uagb-post__text uagb-post__excerpt'>\n\t\t\t\t\t<p>c\u00e1mara de inspecci\u00f3n para tuber\u00edas, alcantarillado y conducciones de agua<\/p>\n\t\t\t\t<\/div>\n\t\t\t\t\t\t<div class=\"uagb-post__text uagb-post__cta wp-block-button\">\n\t\t\t\t<a class=\"wp-block-button__link uagb-text-link\" style=\"\" href=\"https:\/\/www.gmvidal.com\/es\/camera-dinspeccio-de-canonades-amb-monitor\/\" target=\"_self\" rel=\"bookmark noopener noreferrer\">Llegir m\u00e9s<\/a>\n\t\t\t<\/div>\n\t\t\t\n\t\t\t\t\t\t\t\t\t<\/article>\n\t\t\t\t\t\t\t\t\t\t\t\t\t\t\t\t<article class=\"uagb-post__inner-wrap\">\t\t\t\t\t\t\t\t<div class='uagb-post__image'>\n\t\t\t\t\t\t\t\t\t<a href=\"https:\/\/www.gmvidal.com\/es\/pack-maquinaria-de-moviment-de-terres\/\" target=\"_self\" rel=\"bookmark noopener noreferrer\" class='uagb-image-ratio-inherit'><img loading=\"lazy\" decoding=\"async\" width=\"1000\" height=\"750\" src=\"https:\/\/www.gmvidal.com\/wp-content\/uploads\/2025\/12\/mov_terres.webp\" class=\"attachment-large size-large\" alt=\"\" srcset=\"https:\/\/www.gmvidal.com\/wp-content\/uploads\/2025\/12\/mov_terres.webp 1000w, https:\/\/www.gmvidal.com\/wp-content\/uploads\/2025\/12\/mov_terres-300x225.webp 300w, https:\/\/www.gmvidal.com\/wp-content\/uploads\/2025\/12\/mov_terres-768x576.webp 768w\" sizes=\"auto, (max-width: 1000px) 100vw, 1000px\" \/>\t\t\t\t\t<\/a>\n\t\t\t\t\t\t\t<\/div>\n\t\t\t\t\t\t<h4 class=\"uagb-post__title uagb-post__text\">\n\t\t\t\t<a href=\"https:\/\/www.gmvidal.com\/es\/pack-maquinaria-de-moviment-de-terres\/\" target=\"_self\" rel=\"bookmark noopener noreferrer\">Pack maquinaria de movimiento de tierras<\/a>\n\t\t\t<\/h4>\n\t\t\t\t\t\t<div class='uagb-post__text uagb-post-grid-byline'>\n\t\t\t\t\t\t\t<\/div>\n\t\t\t\t\t\t\t<div class='uagb-post__text uagb-post__excerpt'>\n\t\t\t\t\t<p>Cami\u00f3n basculante MAN, Retroexcavadora Volvo<\/p>\n\t\t\t\t<\/div>\n\t\t\t\t\t\t<div class=\"uagb-post__text uagb-post__cta wp-block-button\">\n\t\t\t\t<a class=\"wp-block-button__link uagb-text-link\" style=\"\" href=\"https:\/\/www.gmvidal.com\/es\/pack-maquinaria-de-moviment-de-terres\/\" target=\"_self\" rel=\"bookmark noopener noreferrer\">Llegir m\u00e9s<\/a>\n\t\t\t<\/div>\n\t\t\t\n\t\t\t\t\t\t\t\t\t<\/article>\n\t\t\t\t\t\t\t\t\t\t\t<\/div>\n\t\t\t<\/div><\/div>\n\n\n\n<div class=\"wp-block-uagb-container uagb-block-8fe14de4 alignfull uagb-is-root-container\">\n<div class=\"wp-block-uagb-container uagb-block-a9df32cb\">\n<div class=\"wp-block-uagb-info-box uagb-block-95bb51ac uagb-infobox__content-wrap  uagb-infobox-icon-above-title uagb-infobox-image-valign-top\"><div class=\"uagb-ifb-content\"><div class=\"uagb-ifb-title-wrap\"><h2 class=\"uagb-ifb-title\"><strong>Maquinaria industrial y mantenimiento<\/strong><\/h2><\/div><p class=\"uagb-ifb-desc translation-block\">Somos una empresa vinculada al mundo de la <strong>maquinaria industrial y el entorno t\u00e9cnico<\/strong>, con una trayectoria consolidada y un profundo conocimiento del sector. Entendemos las necesidades reales del trabajo sobre el terreno y el funcionamiento de la maquinaria en contextos profesionales.<br>Nuestra forma de entender el sector se basa en el <strong>criterio t\u00e9cnico, la seriedad y una visi\u00f3n pr\u00e1ctica<\/strong>, con el objetivo de ofrecer informaci\u00f3n clara y soluciones alineadas con la realidad del d\u00eda a d\u00eda.<\/p><\/div><\/div>\n<\/div>\n\n\n\n<div class=\"wp-block-uagb-container uagb-block-290b1d46\">\n<div class=\"wp-block-uagb-advanced-heading uagb-block-33642a4f\"><h3 class=\"uagb-heading-text\">Especialistas en venta de maquinaria profesional<\/h3><p class=\"uagb-desc-text translation-block\">Nos dedicamos a la <strong>comercializaci\u00f3n de maquinaria profesional<\/strong>, ofreciendo equipos pensados \u200b\u200bpara el trabajo real, fiables y adaptados a las necesidades de cada cliente.<\/p><\/div>\n\n\n\n<div class=\"wp-block-uagb-icon-list uagb-block-2c5def50\"><div class=\"uagb-icon-list__wrap\">\n<div class=\"wp-block-uagb-icon-list-child uagb-block-6cc6b37f\"><span class=\"uagb-icon-list__source-wrap\"><svg xmlns=\"https:\/\/www.w3.org\/2000\/svg\" viewbox=\"0 0 512 512\"><path d=\"M180.2 243.1C185 263.9 162.2 280.2 144.1 268.8L119.8 253.6l-50.9 81.43c-13.33 21.32 2.004 48.98 27.15 48.98h32.02c17.64 0 31.98 14.32 31.98 31.96c0 17.64-14.34 32.05-31.98 32.05H96.15c-75.36 0-121.3-82.84-81.47-146.8L65.51 219.8L41.15 204.5C23.04 193.1 27.66 165.5 48.48 160.7l91.43-21.15C148.5 137.7 157.2 142.9 159.2 151.6L180.2 243.1zM283.1 78.96l41.25 66.14l-24.25 15.08c-18.16 11.31-13.57 38.94 7.278 43.77l91.4 21.15c8.622 1.995 17.23-3.387 19.21-12.01l21.04-91.43c4.789-20.81-17.95-37.05-36.07-25.76l-24.36 15.2L337.4 45.14c-37.58-60.14-125.2-60.18-162.8-.0617L167.2 56.9C157.9 71.75 162.5 91.58 177.3 100.9c14.92 9.359 34.77 4.886 44.11-10.04l7.442-11.89C241.6 58.58 270.9 59.33 283.1 78.96zM497.3 301.3l-16.99-27.26c-9.336-14.98-29.06-19.56-44.04-10.21c-14.94 9.318-19.52 29.15-10.18 44.08l16.99 27.15c13.35 21.32-1.984 49-27.14 49h-95.99l.0234-28.74c0-21.38-25.85-32.09-40.97-16.97l-66.41 66.43c-6.222 6.223-6.222 16.41 .0044 22.63l66.42 66.34c15.12 15.1 40.95 4.386 40.95-16.98l-.0234-28.68h95.86C491.2 448.1 537.2 365.2 497.3 301.3z\"><\/path><\/svg><\/span><span class=\"uagb-icon-list__label\">Selecci\u00f3n cuidadosa<\/span><\/div>\n\n\n\n<div class=\"wp-block-uagb-icon-list-child uagb-block-b2b23553\"><span class=\"uagb-icon-list__source-wrap\"><svg xmlns=\"https:\/\/www.w3.org\/2000\/svg\" viewbox=\"0 0 512 512\"><path d=\"M256 512C114.6 512 0 397.4 0 256C0 114.6 114.6 0 256 0C397.4 0 512 114.6 512 256C512 397.4 397.4 512 256 512zM232 256C232 264 236 271.5 242.7 275.1L338.7 339.1C349.7 347.3 364.6 344.3 371.1 333.3C379.3 322.3 376.3 307.4 365.3 300L280 243.2V120C280 106.7 269.3 96 255.1 96C242.7 96 231.1 106.7 231.1 120L232 256z\"><\/path><\/svg><\/span><span class=\"uagb-icon-list__label\">Compromiso y seriedad<\/span><\/div>\n\n\n\n<div class=\"wp-block-uagb-icon-list-child uagb-block-8f410358\"><span class=\"uagb-icon-list__source-wrap\"><svg xmlns=\"https:\/\/www.w3.org\/2000\/svg\" viewbox=\"0 0 576 512\"><path d=\"M528 0h-480C21.5 0 0 21.5 0 48v320C0 394.5 21.5 416 48 416h192L224 464H152C138.8 464 128 474.8 128 488S138.8 512 152 512h272c13.25 0 24-10.75 24-24s-10.75-24-24-24H352L336 416h192c26.5 0 48-21.5 48-48v-320C576 21.5 554.5 0 528 0zM512 288H64V64h448V288z\"><\/path><\/svg><\/span><span class=\"uagb-icon-list__label\">Disponibilidad real<\/span><\/div>\n\n\n\n<div class=\"wp-block-uagb-icon-list-child uagb-block-f7bd583c\"><span class=\"uagb-icon-list__source-wrap\"><svg xmlns=\"https:\/\/www.w3.org\/2000\/svg\" viewbox=\"0 0 512 512\"><path d=\"M492.7 42.75C517.7 67.74 517.7 108.3 492.7 133.3L436.3 189.7L322.3 75.72L378.7 19.32C403.7-5.678 444.3-5.678 469.3 19.32L492.7 42.75zM44.89 353.2L299.7 98.34L413.7 212.3L158.8 467.1C152.1 473.8 143.8 478.7 134.6 481.4L30.59 511.1C22.21 513.5 13.19 511.1 7.03 504.1C.8669 498.8-1.47 489.8 .9242 481.4L30.65 377.4C33.26 368.2 38.16 359.9 44.89 353.2zM249.4 103.4L103.4 249.4L16 161.9C-2.745 143.2-2.745 112.8 16 94.06L94.06 16C112.8-2.745 143.2-2.745 161.9 16L181.7 35.76C181.4 36.05 181 36.36 180.7 36.69L116.7 100.7C110.4 106.9 110.4 117.1 116.7 123.3C122.9 129.6 133.1 129.6 139.3 123.3L203.3 59.31C203.6 58.99 203.1 58.65 204.2 58.3L249.4 103.4zM453.7 307.8C453.4 308 453 308.4 452.7 308.7L388.7 372.7C382.4 378.9 382.4 389.1 388.7 395.3C394.9 401.6 405.1 401.6 411.3 395.3L475.3 331.3C475.6 330.1 475.1 330.6 476.2 330.3L496 350.1C514.7 368.8 514.7 399.2 496 417.9L417.9 496C399.2 514.7 368.8 514.7 350.1 496L262.6 408.6L408.6 262.6L453.7 307.8z\"><\/path><\/svg><\/span><span class=\"uagb-icon-list__label\">Asesoramiento personalizado<\/span><\/div>\n<\/div><\/div>\n<\/div>\n<\/div>\n\n\n\n<div class=\"wp-block-uagb-container uagb-block-caba703a alignfull uagb-is-root-container\"><div class=\"uagb-container-inner-blocks-wrap\">\n<div class=\"wp-block-uagb-info-box uagb-block-d5ab0bae uagb-infobox__content-wrap  uagb-infobox-icon-above-title uagb-infobox-image-valign-top\"><div class=\"uagb-ifb-content\"><div class=\"uagb-ifb-title-wrap\"><h4 class=\"uagb-ifb-title-prefix\">M\u00e1quinas<\/h4><h2 class=\"uagb-ifb-title\">M\u00e1quinas en funcionamiento<\/h2><\/div><\/div><\/div>\n<\/div><\/div>\n\n\n\n<div class=\"wp-block-uagb-container uagb-block-e75d3911 alignfull uagb-is-root-container\">\n<div class=\"wp-block-uagb-container uagb-block-7ca1331f\"><\/div>\n\n\n\n<div class=\"wp-block-uagb-container uagb-block-ee046839\"><\/div>\n\n\n\n<div class=\"wp-block-uagb-container uagb-block-f5e608da\"><\/div>\n\n\n\n<div class=\"wp-block-uagb-container uagb-block-a7d4a4e8\"><\/div>\n<\/div>","protected":false},"excerpt":{"rendered":"<p>Especialistes en venda de maquin\u00e0ria professional Ens dediquem a la comercialitzaci\u00f3 de maquin\u00e0ria professional, oferint equips pensats per al treball [&hellip;]<\/p>","protected":false},"author":1,"featured_media":0,"parent":0,"menu_order":0,"comment_status":"closed","ping_status":"closed","template":"","meta":{"_uag_custom_page_level_css":"","site-sidebar-layout":"no-sidebar","site-content-layout":"plain-container","ast-site-content-layout":"normal-width-container","site-content-style":"unboxed","site-sidebar-style":"unboxed","ast-global-header-display":"","ast-banner-title-visibility":"","ast-main-header-display":"","ast-hfb-above-header-display":"","ast-hfb-below-header-display":"","ast-hfb-mobile-header-display":"","site-post-title":"disabled","ast-breadcrumbs-content":"","ast-featured-img":"disabled","footer-sml-layout":"","ast-disable-related-posts":"","theme-transparent-header-meta":"enabled","adv-header-id-meta":"","stick-header-meta":"","header-above-stick-meta":"","header-main-stick-meta":"","header-below-stick-meta":"","astra-migrate-meta-layouts":"set","ast-page-background-enabled":"default","ast-page-background-meta":{"desktop":{"background-color":"var(--ast-global-color-4)","background-image":"","background-repeat":"repeat","background-position":"center center","background-size":"auto","background-attachment":"scroll","background-type":"","background-media":"","overlay-type":"","overlay-color":"","overlay-opacity":"","overlay-gradient":""},"tablet":{"background-color":"","background-image":"","background-repeat":"repeat","background-position":"center center","background-size":"auto","background-attachment":"scroll","background-type":"","background-media":"","overlay-type":"","overlay-color":"","overlay-opacity":"","overlay-gradient":""},"mobile":{"background-color":"","background-image":"","background-repeat":"repeat","background-position":"center center","background-size":"auto","background-attachment":"scroll","background-type":"","background-media":"","overlay-type":"","overlay-color":"","overlay-opacity":"","overlay-gradient":""}},"ast-content-background-meta":{"desktop":{"background-color":"var(--ast-global-color-5)","background-image":"","background-repeat":"repeat","background-position":"center center","background-size":"auto","background-attachment":"scroll","background-type":"","background-media":"","overlay-type":"","overlay-color":"","overlay-opacity":"","overlay-gradient":""},"tablet":{"background-color":"var(--ast-global-color-5)","background-image":"","background-repeat":"repeat","background-position":"center center","background-size":"auto","background-attachment":"scroll","background-type":"","background-media":"","overlay-type":"","overlay-color":"","overlay-opacity":"","overlay-gradient":""},"mobile":{"background-color":"var(--ast-global-color-5)","background-image":"","background-repeat":"repeat","background-position":"center center","background-size":"auto","background-attachment":"scroll","background-type":"","background-media":"","overlay-type":"","overlay-color":"","overlay-opacity":"","overlay-gradient":""}},"footnotes":""},"class_list":["post-493","page","type-page","status-publish","hentry"],"uagb_featured_image_src":{"full":false,"thumbnail":false,"medium":false,"medium_large":false,"large":false,"1536x1536":false,"2048x2048":false,"trp-custom-language-flag":false},"uagb_author_info":{"display_name":"alex","author_link":"https:\/\/www.gmvidal.com\/es\/author\/alex\/"},"uagb_comment_info":0,"uagb_excerpt":"Especialistes en venda de maquin\u00e0ria professional Ens dediquem a la comercialitzaci\u00f3 de maquin\u00e0ria professional, oferint equips pensats per al treball [&hellip;]","_links":{"self":[{"href":"https:\/\/www.gmvidal.com\/es\/wp-json\/wp\/v2\/pages\/493","targetHints":{"allow":["GET"]}}],"collection":[{"href":"https:\/\/www.gmvidal.com\/es\/wp-json\/wp\/v2\/pages"}],"about":[{"href":"https:\/\/www.gmvidal.com\/es\/wp-json\/wp\/v2\/types\/page"}],"author":[{"embeddable":true,"href":"https:\/\/www.gmvidal.com\/es\/wp-json\/wp\/v2\/users\/1"}],"replies":[{"embeddable":true,"href":"https:\/\/www.gmvidal.com\/es\/wp-json\/wp\/v2\/comments?post=493"}],"version-history":[{"count":38,"href":"https:\/\/www.gmvidal.com\/es\/wp-json\/wp\/v2\/pages\/493\/revisions"}],"predecessor-version":[{"id":2305,"href":"https:\/\/www.gmvidal.com\/es\/wp-json\/wp\/v2\/pages\/493\/revisions\/2305"}],"wp:attachment":[{"href":"https:\/\/www.gmvidal.com\/es\/wp-json\/wp\/v2\/media?parent=493"}],"curies":[{"name":"wp","href":"https:\/\/api.w.org\/{rel}","templated":true}]}}